
{"id":19,"date":"2015-01-27T21:29:16","date_gmt":"2015-01-27T20:29:16","guid":{"rendered":"http:\/\/penzioncervenakarkulka.cz\/?page_id=19"},"modified":"2024-11-12T17:48:17","modified_gmt":"2024-11-12T16:48:17","slug":"o-nas","status":"publish","type":"page","link":"https:\/\/penzioncervenakarkulka.cz\/de\/","title":{"rendered":"\u00dcber uns"},"content":{"rendered":"<p><\/p>\n<h1>Penzion \u010cerven\u00e1 Karkulka<\/h1>\n<p><em>Die Pension Rotk\u00e4ppchen\u00a0 (\u010cerven\u00e1 Karkulka) befindet sich in Obermorgenstern (Horn\u00ed Smr\u017eovka) unter dem Schwarzbrunnkamm (\u010cern\u00e1 Studnice) und den Spitzberg- und Buchbergmassiven (\u0160pi\u010d\u00e1k, Bukov\u00e1 hora). Die Pension ist 5 km von Gablonz a. d. Nei\u00dfe entfernt und sie bietet einen wundersch\u00f6nen Ausblick auf die Riesengebirgsk\u00e4mme (Krkono\u0161e) an. In der Entfernung von rund 500 m von der Pension befindet sich der 600 m lange\u00a0 Skilift Filip mit Abendbetrieb und k\u00fcnstlichem Schnee<\/em>.<\/p>\n<h3><a  href=\"https:\/\/penzioncervenakarkulka.cz\/wp-content\/uploads\/2015\/01\/penzion_01-large.jpg\" data-rel=\"lightbox-gallery-0\" data-rl_title=\"\" data-rl_caption=\"\" title=\"\"><img loading=\"lazy\" decoding=\"async\" class=\"wp-image-14 size-medium alignright\" src=\"https:\/\/penzioncervenakarkulka.cz\/wp-content\/uploads\/2015\/01\/penzion_01-large-300x225.jpg\" alt=\"\" width=\"300\" height=\"225\" srcset=\"https:\/\/penzioncervenakarkulka.cz\/wp-content\/uploads\/2015\/01\/penzion_01-large-300x225.jpg 300w, https:\/\/penzioncervenakarkulka.cz\/wp-content\/uploads\/2015\/01\/penzion_01-large.jpg 800w\" sizes=\"auto, (max-width: 300px) 100vw, 300px\" \/><\/a>Morgenstern im Isergebirge<\/h3>\n<p>Die Pension befindet sich in Obermorgenstern, einer wundersch\u00f6n Vorgebirgskleinstadt mit sauberer Umgebung, unter dem Schwarzbrunnkamm im Isergebirgs-Naturschutzgebiet, 5 km von Gablonz a. d. Nei\u00dfe und 2 km von Tannwald entfernt.<\/p>\n<p><a  href=\"https:\/\/penzioncervenakarkulka.cz\/wp-content\/uploads\/2015\/01\/penzion_02-large.jpg\" data-rel=\"lightbox-gallery-0\" data-rl_title=\"\" data-rl_caption=\"\" title=\"\"><img loading=\"lazy\" decoding=\"async\" class=\"size-medium wp-image-6 alignleft\" src=\"https:\/\/penzioncervenakarkulka.cz\/wp-content\/uploads\/2015\/01\/penzion_02-large-300x225.jpg\" alt=\"\" width=\"300\" height=\"225\" srcset=\"https:\/\/penzioncervenakarkulka.cz\/wp-content\/uploads\/2015\/01\/penzion_02-large-300x225.jpg 300w, https:\/\/penzioncervenakarkulka.cz\/wp-content\/uploads\/2015\/01\/penzion_02-large.jpg 800w\" sizes=\"auto, (max-width: 300px) 100vw, 300px\" \/><\/a><\/p>\n<p>Morgenstern hat rund 4000 Einwohner und ist ein Zentrum f\u00fcr Sommer-, sowie Wintertouristik. In der N\u00e4he befinden sich gut gepflegte Skipisten. Vor Ort finden Sie die Piste Filip in der L\u00e4nge von 700 m, nur einen halben Kilometer von der Pension entfernt. Anspruchsvolleren Skifahrern steht der Spitzberg in Tannwald, Obermaxdorf (Horn\u00ed Maxov), Friedrichswald (Bed\u0159ichov), Paseky und das 20 km entfernte bekannte Wintersportzentrum Harrachsdorf (Harrachov) zur Verf\u00fcgung.<\/p>\n<p><a  href=\"http:\/\/penzioncervenakarkulka.cz\/wp-content\/uploads\/2015\/01\/12_800-large.jpg\" data-rel=\"lightbox-gallery-0\" data-rl_title=\"\" data-rl_caption=\"\" title=\"\"><img loading=\"lazy\" decoding=\"async\" class=\"alignright wp-image-18\" src=\"http:\/\/penzioncervenakarkulka.cz\/wp-content\/uploads\/2015\/01\/12_800-large-300x225.jpg\" alt=\"12_800-large\" width=\"299\" height=\"224\" srcset=\"https:\/\/penzioncervenakarkulka.cz\/wp-content\/uploads\/2015\/01\/12_800-large-300x225.jpg 300w, https:\/\/penzioncervenakarkulka.cz\/wp-content\/uploads\/2015\/01\/12_800-large.jpg 800w\" sizes=\"auto, (max-width: 299px) 100vw, 299px\" \/><\/a><\/p>\n<p>Am ber\u00fchmtesten ist Morgenstern als Rodelportzentrum mit einer Rodelbahn und Sie finden in der Umgebung eine Reihe von touristischen Sehensw\u00fcrdigkeiten \u2013 den 100 Jahre alten Eisenbahnviadukt, mehrere Aussichtst\u00fcrme, die urige \u201ePivrnec-Kneipe\u201c und jeden Freitag und Samstag eine Diskothek im Kino-Club.<\/p>\n<p>F\u00fcr Sommerwanderungen k\u00f6nnen Sie eine Reihe ausgeschilderter Wander-, sowie Fahrradwege w\u00e4hlen, die \u00fcber die K\u00e4mme, durch Waldgel\u00e4nde, Weideland und interessante Fauna und Flora f\u00fchren. Auf dem ganzen Gebiet finden Sie viele Aussichtst\u00fcrme mit einem Ausblick auf das Gebirgspanorama \u2013 Schwarzbrunn, Bramberg, Spitzberg, Kamenn\u00e1 vyhl\u00eddka, Stefansturm (\u0160t\u011bp\u00e1nka), K\u00f6nigsberg (Kr\u00e1lovka), u. a.<\/p>\n<p><a  href=\"https:\/\/penzioncervenakarkulka.cz\/wp-content\/uploads\/2015\/01\/08_800.jpg\" data-rel=\"lightbox-gallery-0\" data-rl_title=\"\" data-rl_caption=\"\" title=\"\"><img loading=\"lazy\" decoding=\"async\" class=\"wp-image-48 size-medium alignleft\" src=\"https:\/\/penzioncervenakarkulka.cz\/wp-content\/uploads\/2015\/01\/08_800-300x219.jpg\" alt=\"\" width=\"300\" height=\"219\" srcset=\"https:\/\/penzioncervenakarkulka.cz\/wp-content\/uploads\/2015\/01\/08_800-300x219.jpg 300w, https:\/\/penzioncervenakarkulka.cz\/wp-content\/uploads\/2015\/01\/08_800.jpg 800w\" sizes=\"auto, (max-width: 300px) 100vw, 300px\" \/><\/a><\/p>\n<p>&nbsp;<\/p>\n<p>F\u00fcr Wasser- und Badesport ist das Freibad in Wiesenthal (Lu\u010dany) in der Entfernung von rund 3 km von der Pension da. In Gablonz a. d. Nei\u00dfe dann die Talsperre und der Aquapark, in Reichenberg (Liberec)\u00a0 der gr\u00f6\u00dfte Hallenfreizeitkomplex in Tschechien \u2013 der Aquapark Babylon.<\/p>\n<p class=\"texty\">F\u00fcr sportliche Aktivit\u00e4ten kann\u00a0 auch der Fu\u00dfballplatz in der N\u00e4he der Pension und Tennispl\u00e4tze in Mittelmorgenstern gen\u00fctzt werden. Liebhaber der Agro-Touristik und Tiere werden viel Spa\u00df im Tierpark in Reichenberg erleben.<\/p>\n<p>Wir empfehlen auch einen Besuch des 30 km entfernten B\u00f6hmischen Paradieses (\u010cesk\u00fd R\u00e1j) mit der Burgruine Trosky, der Burg Kost und der Sandsteinfelsenstadt.\u00a0 In der Entfernung von nur 5 km finden Sie der Wasserfall am Tannebach (Jedlov\u00fd potok)\u00a0 in Josefsthal (Josef\u016fv d\u016fl) und den Gebrochenen Talsperrendamm an der Desse (Desn\u00e1). Der n\u00e4chste attraktive Ausflug kann in die rund 20 km entfernten Dolomitenh\u00f6hlen in Bozkov f\u00fchren.<\/p>\n<p>Die Entfernung von Prag ist\u00a0 110 km.<\/p>","protected":false},"excerpt":{"rendered":"<p>Penzion \u010cerven\u00e1 Karkulka Die Pension Rotk\u00e4ppchen\u00a0 (\u010cerven\u00e1 Karkulka) befindet sich in Obermorgenstern (Horn\u00ed Smr\u017eovka) unter dem Schwarzbrunnkamm (\u010cern\u00e1 Studnice) und den Spitzberg- und Buchbergmassiven (\u0160pi\u010d\u00e1k, Bukov\u00e1 hora). Die Pension ist 5 km von Gablonz a. d. Nei\u00dfe entfernt und sie bietet einen wundersch\u00f6nen Ausblick auf die Riesengebirgsk\u00e4mme (Krkono\u0161e) an. In der Entfernung von rund 500 [&hellip;]<\/p>\n","protected":false},"author":2,"featured_media":0,"parent":0,"menu_order":1,"comment_status":"closed","ping_status":"open","template":"","meta":{"footnotes":""},"class_list":["post-19","page","type-page","status-publish","hentry"],"_links":{"self":[{"href":"https:\/\/penzioncervenakarkulka.cz\/de\/wp-json\/wp\/v2\/pages\/19","targetHints":{"allow":["GET"]}}],"collection":[{"href":"https:\/\/penzioncervenakarkulka.cz\/de\/wp-json\/wp\/v2\/pages"}],"about":[{"href":"https:\/\/penzioncervenakarkulka.cz\/de\/wp-json\/wp\/v2\/types\/page"}],"author":[{"embeddable":true,"href":"https:\/\/penzioncervenakarkulka.cz\/de\/wp-json\/wp\/v2\/users\/2"}],"replies":[{"embeddable":true,"href":"https:\/\/penzioncervenakarkulka.cz\/de\/wp-json\/wp\/v2\/comments?post=19"}],"version-history":[{"count":51,"href":"https:\/\/penzioncervenakarkulka.cz\/de\/wp-json\/wp\/v2\/pages\/19\/revisions"}],"predecessor-version":[{"id":715,"href":"https:\/\/penzioncervenakarkulka.cz\/de\/wp-json\/wp\/v2\/pages\/19\/revisions\/715"}],"wp:attachment":[{"href":"https:\/\/penzioncervenakarkulka.cz\/de\/wp-json\/wp\/v2\/media?parent=19"}],"curies":[{"name":"wp","href":"https:\/\/api.w.org\/{rel}","templated":true}]}}